{"id":231,"date":"2018-05-08T09:12:02","date_gmt":"2018-05-08T09:12:02","guid":{"rendered":"http:\/\/xn--liebeserklrung-fib.eu\/?page_id=231"},"modified":"2018-05-25T06:07:04","modified_gmt":"2018-05-25T06:07:04","slug":"datenschutz","status":"publish","type":"page","link":"https:\/\/xn--liebeserklrung-fib.eu\/?page_id=231","title":{"rendered":"Datenschutz"},"content":{"rendered":"\n<style type=\"text\/css\" data-created_by=\"avia_inline_auto\" id=\"style-css-av-av_one_full-15d750bd1b332b34c6e70b077ebbccdf\">\n.flex_column.av-av_one_full-15d750bd1b332b34c6e70b077ebbccdf{\nborder-radius:0px 0px 0px 0px;\npadding:0px 0px 0px 0px;\n}\n<\/style>\n<div  class='flex_column av-av_one_full-15d750bd1b332b34c6e70b077ebbccdf av_one_full  avia-builder-el-0  el_before_av_one_full  avia-builder-el-first  first flex_column_div av-zero-column-padding  '     ><p>\n<style type=\"text\/css\" data-created_by=\"avia_inline_auto\" id=\"style-css-av-av_heading-98b1e82d23a8cd2d02b78d87786b8318\">\n#top .av-special-heading.av-av_heading-98b1e82d23a8cd2d02b78d87786b8318{\npadding-bottom:10px;\n}\nbody .av-special-heading.av-av_heading-98b1e82d23a8cd2d02b78d87786b8318 .av-special-heading-tag .heading-char{\nfont-size:25px;\n}\n.av-special-heading.av-av_heading-98b1e82d23a8cd2d02b78d87786b8318 .av-subheading{\nfont-size:15px;\n}\n<\/style>\n<div  class='av-special-heading av-av_heading-98b1e82d23a8cd2d02b78d87786b8318 av-special-heading-h3  avia-builder-el-1  el_before_av_hr  avia-builder-el-first '><h3 class='av-special-heading-tag '  itemprop=\"headline\"  >Datenschutz<\/h3><div class=\"special-heading-border\"><div class=\"special-heading-inner-border\"><\/div><\/div><\/div><br \/>\n<div  class='hr av-av_hr-0ff602b3e980a3377077ff3c1c834df6 hr-default  avia-builder-el-2  el_after_av_heading  avia-builder-el-last '><span class='hr-inner '><span class=\"hr-inner-style\"><\/span><\/span><\/div><\/p><\/div>\n\n<style type=\"text\/css\" data-created_by=\"avia_inline_auto\" id=\"style-css-av-av_one_full-15d750bd1b332b34c6e70b077ebbccdf\">\n.flex_column.av-av_one_full-15d750bd1b332b34c6e70b077ebbccdf{\nborder-radius:0px 0px 0px 0px;\npadding:0px 0px 0px 0px;\n}\n<\/style>\n<div  class='flex_column av-av_one_full-15d750bd1b332b34c6e70b077ebbccdf av_one_full  avia-builder-el-3  el_after_av_one_full  avia-builder-el-last  first flex_column_div av-zero-column-padding  column-top-margin'     ><section  class='av_textblock_section av-av_textblock-173ea1ccb0f768c84fa7fc702dd4e9a6 '   itemscope=\"itemscope\" itemtype=\"https:\/\/schema.org\/CreativeWork\" ><div class='avia_textblock'  itemprop=\"text\" ><p><strong>Datenschutzerkl\u00e4rung<\/strong><\/p>\n<p>Wir freuen uns \u00fcber Ihr Interesse an unserem Online-Shop. Der Schutz Ihrer Privatsph\u00e4re ist f\u00fcr uns sehr wichtig. Nachstehend informieren wir Sie ausf\u00fchrlich \u00fcber den Umgang mit Ihren Daten.<\/p>\n<p><strong>Cookie Zustimmung:<\/strong><\/p>\n<p><strong>[cookie-notice]<\/strong><\/p>\n<ol>\n<li><strong>Zugriffsdaten und Hosting<\/strong><\/li>\n<\/ol>\n<p>Sie k\u00f6nnen unsere Webseiten besuchen, ohne Angaben zu Ihrer Person zu machen. Bei jedem Aufruf einer Webseite speichert der Webserver lediglich automatisch ein sogenanntes Server-Logfile, das z.B. den Namen der angeforderten Datei, Ihre IP-Adresse, Datum und Uhrzeit des Abrufs, \u00fcbertragene Datenmenge und den anfragenden Provider (Zugriffsdaten) enth\u00e4lt und den Abruf dokumentiert.<\/p>\n<p>Diese Zugriffsdaten werden ausschlie\u00dflich zum Zwecke der Sicherstellung eines st\u00f6rungsfreien Betriebs der Seite sowie der Verbesserung unseres Angebots ausgewertet. Dies dient gem\u00e4\u00df Art. 6 Abs. 1 S. 1 lit. f DSGVO der Wahrung unserer im Rahmen einer Interessensabw\u00e4gung \u00fcberwiegenden berechtigten Interessen an einer korrekten Darstellung unseres Angebots. Alle Zugriffsdaten werden sp\u00e4testens sieben Tage nach Ende Ihres Seitenbesuchs gel\u00f6scht.<\/p>\n<p><strong>Hostingdienstleistungen durch einen Drittanbieter<\/strong><br \/>\nIm Rahmen einer Verarbeitung in unserem Auftrag erbringt ein Drittanbieter f\u00fcr uns die Dienste zum Hosting und zur Darstellung der Webseite. Dies dient der Wahrung unserer im Rahmen einer Interessensabw\u00e4gung \u00fcberwiegenden berechtigten Interessen an einer korrekten Darstellung unseres Angebots. Alle Daten, die im Rahmen der Nutzung dieser Webseite oder in daf\u00fcr vorgesehenen Formularen im Onlineshop wie folgend beschrieben erhoben werden, werden auf seinen Servern verarbeitet. Eine Verarbeitung auf anderen Servern findet nur in dem hier erl\u00e4uterten Rahmen statt.<\/p>\n<p>Dieser Dienstleister sitzt innerhalb eines Landes der Europ\u00e4ischen Union oder des Europ\u00e4ischen Wirtschaftsraums.<\/p>\n<ol start=\"2\">\n<li><strong>Datenerhebung und -verwendung zur Vertragsabwicklung\u00a0<\/strong><\/li>\n<\/ol>\n<p>Wir erheben personenbezogene Daten, wenn Sie uns diese im Rahmen Ihrer Bestellung oder bei einer Kontaktaufnahme mit uns (z.B. per Kontaktformular oder E-Mail) mitteilen. Pflichtfelder werden als solche gekennzeichnet, da wir in diesen F\u00e4llen die Daten zwingend zur Vertragsabwicklung, bzw. zur Bearbeitung Ihrer Kontaktaufnahme ben\u00f6tigen und Sie ohne deren Angabe die Bestellung nicht abschlie\u00dfen, bzw. die Kontaktaufnahme nicht versenden k\u00f6nnen. Welche Daten erhoben werden, ist aus den jeweiligen Eingabeformularen ersichtlich. Wir verwenden die von ihnen mitgeteilten Daten gem\u00e4\u00df Art. 6 Abs. 1 S. 1 lit. b DSGVO zur Vertragsabwicklung und Bearbeitung Ihrer Anfragen. Nach vollst\u00e4ndiger Abwicklung des Vertrages werden Ihre Daten f\u00fcr die weitere Verarbeitung eingeschr\u00e4nkt und nach Ablauf etwaiger steuer- und handelsrechtlichen Aufbewahrungsfristen gel\u00f6scht, sofern Sie nicht ausdr\u00fccklich in eine weitere Nutzung Ihrer Daten eingewilligt haben oder wir uns eine dar\u00fcber hinausgehende Datenverwendung vorbehalten, die gesetzlich erlaubt ist und \u00fcber die wir Sie in dieser Erkl\u00e4rung informieren.<\/p>\n<ol start=\"3\">\n<li><strong>Datenweitergabe<\/strong><\/li>\n<\/ol>\n<p>Zur Vertragserf\u00fcllung gem\u00e4\u00df Art. 6 Abs. 1 S. 1 lit. b DSGVO geben wir Ihre Daten an das mit der Lieferung beauftragte Versandunternehmen weiter, soweit dies zur Lieferung bestellter Waren erforderlich ist. Je nach dem, welchen Zahlungsdienstleister Sie im Bestellprozess ausw\u00e4hlen, geben wir zur Abwicklung von Zahlungen die hierf\u00fcr erhobenen Zahlungsdaten an das mit der Zahlung beauftragte Kreditinstitut und ggf. von uns beauftragte Zahlungsdienstleister weiter bzw. an den ausgew\u00e4hlten Zahlungsdienst. Zum Teil erheben die ausgew\u00e4hlten Zahlungsdienstleister diese Daten auch selbst, soweit Sie dort ein Konto anlegen. In diesem Fall m\u00fcssen Sie sich im Bestellprozess mit Ihren Zugangsdaten bei dem Zahlungsdienstleister anmelden. Es gilt insoweit die Datenschutzerkl\u00e4rung des jeweiligen Zahlungsdienstleisters.<\/p>\n<ol start=\"4\">\n<li><strong>E-Mail-Newsletter und Postwerbung<\/strong><\/li>\n<\/ol>\n<p><strong>E-Mail-Werbung mit Anmeldung zum Newsletter<\/strong><br \/>\nWenn Sie sich zu unserem Newsletter anmelden, verwenden wir die hierf\u00fcr erforderlichen oder gesondert von Ihnen mitgeteilten Daten, um Ihnen regelm\u00e4\u00dfig unseren E-Mail-Newsletter aufgrund Ihrer Einwilligung gem\u00e4\u00df Art. 6 Abs. 1 S. 1 lit. a DSGVO zuzusenden.<\/p>\n<p>Die Abmeldung vom Newsletter ist jederzeit m\u00f6glich und kann entweder durch eine Nachricht an die unten beschriebene Kontaktm\u00f6glichkeit oder \u00fcber einen daf\u00fcr vorgesehenen Link im Newsletter erfolgen. Nach Abmeldung l\u00f6schen wir Ihre E-Mail-Adresse, soweit Sie nicht ausdr\u00fccklich in eine weitere Nutzung Ihrer Daten eingewilligt haben oder wir uns eine dar\u00fcber hinausgehende Datenverwendung vorbehalten, die gesetzlich erlaubt ist und \u00fcber die wir Sie in dieser Erkl\u00e4rung informieren.<\/p>\n<p><strong>Postwerbung und Ihr Widerspruchsrecht<\/strong><br \/>\nDar\u00fcber hinaus behalten wir uns vor, Ihren Vor- und Nachnamen sowie Ihre Postanschrift f\u00fcr eigene Werbezwecke zu nutzen, z.B. zur Zusendung von interessanten Angeboten und Informationen zu unseren Produkten per Briefpost. Dies dient der Wahrung unserer im Rahmen einer Interessensabw\u00e4gung \u00fcberwiegenden berechtigten Interessen an einer werblichen Ansprache unserer Kunden gem\u00e4\u00df Art. 6 Abs. 1 S. 1 lit. f DSGVO.<\/p>\n<p>Die Werbesendungen werden im Rahmen einer Verarbeitung in unserem Auftrag durch einen Dienstleister erbracht, an den wir Ihre Daten hierzu weitergeben.<br \/>\nSie k\u00f6nnen der Speicherung und Verwendung Ihrer Daten zu diesen Zwecken jederzeit durch eine Nachricht an die unten beschriebene Kontaktm\u00f6glichkeit widersprechen.<\/p>\n<ol start=\"5\">\n<li><strong>Cookies und Webanalyse<\/strong><\/li>\n<\/ol>\n<p>Um den Besuch unserer Website attraktiv zu gestalten und die Nutzung bestimmter Funktionen zu erm\u00f6glichen, um passende Produkte anzuzeigen oder zur Marktforschung verwenden wir auf verschiedenen Seiten sogenannte Cookies. Dies dient der Wahrung unserer im Rahmen einer Interessensabw\u00e4gung \u00fcberwiegenden berechtigten Interessen an einer optimierten Darstellung unseres Angebots gem\u00e4\u00df Art. 6 Abs. 1 S. 1 lit. f DSGVO. Cookies sind kleine Textdateien, die automatisch auf Ihrem Endger\u00e4t gespeichert werden. Einige der von uns verwendeten Cookies werden nach Ende der Browser-Sitzung, also nach Schlie\u00dfen Ihres Browsers, wieder gel\u00f6scht (sog. Sitzungs-Cookies). Andere Cookies verbleiben auf Ihrem Endger\u00e4t und erm\u00f6glichen uns, Ihren Browser beim n\u00e4chsten Besuch wiederzuerkennen (persistente Cookies). Die Dauer der Speicherung k\u00f6nnen Sie der \u00dcbersicht in den Cookie-Einstellungen Ihres Webbrowsers entnehmen. Sie k\u00f6nnen Ihren Browser so einstellen, dass Sie \u00fcber das Setzen von Cookies informiert werden und einzeln \u00fcber deren Annahme entscheiden oder die Annahme von Cookies f\u00fcr bestimmte F\u00e4lle oder generell ausschlie\u00dfen. Jeder Browser unterscheidet sich in der Art, wie er die Cookie-Einstellungen verwaltet. Diese ist in dem Hilfemen\u00fc jedes Browsers beschrieben, welches Ihnen erl\u00e4utert, wie Sie Ihre Cookie-Einstellungen \u00e4ndern k\u00f6nnen. Diese finden Sie f\u00fcr die jeweiligen Browser unter den folgenden Links:<br \/>\nInternet Explorer&#x2122;: http:\/\/windows.microsoft.com\/de-DE\/windows-vista\/Block-or-allow-cookies<br \/>\nSafari&#x2122;: https:\/\/support.apple.com\/kb\/ph21411?locale=de_DE<br \/>\nChrome&#x2122;: http:\/\/support.google.com\/chrome\/bin\/answer.py?hl=de&amp;hlrm=en&amp;answer=95647<br \/>\nFirefox&#x2122; https:\/\/support.mozilla.org\/de\/kb\/cookies-erlauben-und-ablehnen<br \/>\nOpera&#x2122; : http:\/\/help.opera.com\/Windows\/10.20\/de\/cookies.html<\/p>\n<p>Bei der Nichtannahme von Cookies kann die Funktionalit\u00e4t unserer Website eingeschr\u00e4nkt sein.<\/p>\n<p>Soweit Sie hierzu Ihre Einwilligung nach Art. 6 Abs. 1 S. 1 lit. a DSGVO erteilt haben, benutzt diese Website im Rahmen der Anwendung von Google Analytics (siehe unten) zu Werbezwecken auch das sogenannte DoubleClick-Cookie, das eine Wiedererkennung Ihres Browsers beim Besuch anderer Websites erm\u00f6glicht. Die durch das Cookie automatisch erzeugten Informationen \u00fcber den Besuch dieser Website werden an einen Server von Google in den USA \u00fcbertragen und dort gespeichert. Die IP Adresse wird dabei durch die Aktivierung der IP-Anonymisierung auf dieser Webseite vor der \u00dcbermittlung innerhalb der Mitgliedstaaten der Europ\u00e4ischen Union oder in anderen Vertragsstaaten des Abkommens \u00fcber den Europ\u00e4ischen Wirtschaftsraum gek\u00fcrzt. Nur in Ausnahmef\u00e4llen wird die volle IP-Adresse an einen Server von Google in den USA \u00fcbertragen und dort gek\u00fcrzt. Die im Rahmen von Google Analytics von Ihrem Browser \u00fcbermittelte anonymisierte IP-Adresse wird nicht mit anderen Daten von Google zusammengef\u00fchrt.<\/p>\n<p>Google wird diese Informationen benutzen, um Reports \u00fcber die Websiteaktivit\u00e4ten zusammenzustellen und um weitere mit der Websitenutzung verbundene Dienstleistungen zu erbringen. Auch wird Google diese Informationen gegebenenfalls an Dritte \u00fcbertragen, sofern dies gesetzlich vorgeschrieben oder soweit Dritte diese Daten im Auftrag von Google verarbeiten. Nach Zweckfortfall und Ende des Einsatzes von Google DoubleClick durch uns werden die in diesem Zusammenhang erhobenen Daten gel\u00f6scht.<br \/>\nGoogle Double Click ist ein Angebot der Google LLC. (www.google.de).<br \/>\nDie Google LLC hat ihren Hauptsitz in den USA und ist zertifiziert unter dem EU-US-Privacy Shield. Ein aktuelles Zertifikat kann hier eingesehen werden. Aufgrund dieses Abkommens zwischen den USA und der Europ\u00e4ischen Kommission hat letztere f\u00fcr unter dem Privacy Shield zertifizierte Unternehmen ein angemessenes Datenschutzniveau festgestellt.<\/p>\n<p>Sie k\u00f6nnen Ihre Einwilligung jederzeit mit Wirkung f\u00fcr die Zukunft widerrufen, indem Sie das DoubleClick-Cookie \u00fcber diesen Link deaktivieren. Daneben k\u00f6nnen Sie sich bei der Digital Advertising Alliance \u00fcber das Setzen von Cookies informieren und Einstellungen hierzu vornehmen. Schlie\u00dflich k\u00f6nnen Sie Ihren Browser so einstellen, dass Sie \u00fcber das Setzen von Cookies informiert werden und einzeln \u00fcber deren Annahme entscheiden oder die Annahme von Cookies f\u00fcr bestimmte F\u00e4lle oder generell ausschlie\u00dfen. Bei der Nichtannahme von Cookies kann die Funktionalit\u00e4t unserer Website eingeschr\u00e4nkt sein.<\/p>\n<p><strong>Einsatz von Google (Universal) Analytics zur Webanalyse<\/strong><br \/>\nSoweit Sie hierzu Ihre Einwilligung nach Art. 6 Abs. 1 S. 1 lit. a DSGVO erteilt haben, setzt diese Website zum Zweck der Webseitenanalyse Google (Universal) Analytics ein, einen Webanalysedienst der Google LLC (www.google.de). Google (Universal) Analytics verwendet Methoden, die eine Analyse der Benutzung der Website durch Sie erm\u00f6glichen, wie zum Beispiel Cookies. Die automatisch erhobenen Informationen \u00fcber Ihre Benutzung dieser Website werden in der Regel an einen Server von Google in den USA \u00fcbertragen und dort gespeichert. Durch die Aktivierung der IP-Anonymisierung auf dieser Webseite wird dabei die IP-Adresse vor der \u00dcbermittlung innerhalb der Mitgliedstaaten der Europ\u00e4ischen Union oder in anderen Vertragsstaaten des Abkommens \u00fcber den Europ\u00e4ischen Wirtschaftsraum gek\u00fcrzt. Nur in Ausnahmef\u00e4llen wird die volle IP-Adresse an einen Server von Google in den USA \u00fcbertragen und dort gek\u00fcrzt. Die im Rahmen von Google Analytics von Ihrem Browser \u00fcbermittelte anonymisierte IP-Adresse wird grunds\u00e4tzlich nicht mit anderen Daten von Google zusammengef\u00fchrt. Nach Zweckfortfall und Ende des Einsatzes von Google Analytics durch uns werden die in diesem Zusammenhang erhobenen Daten gel\u00f6scht.<\/p>\n<p>Die Google LLC hat ihren Hauptsitz in den USA und ist zertifiziert unter dem EU-US-Privacy Shield. Ein aktuelles Zertifikat kann hier eingesehen werden. Aufgrund dieses Abkommens zwischen den USA und der Europ\u00e4ischen Kommission hat letztere f\u00fcr unter dem Privacy Shield zertifizierte Unternehmen ein angemessenes Datenschutzniveau festgestellt.<\/p>\n<p>Sie k\u00f6nnen Ihre Einwilligung jederzeit mit Wirkung f\u00fcr die Zukunft widerrufen, indem sie das unter dem folgenden Link verf\u00fcgbare Browser-Plugin herunterladen und installieren: http:\/\/tools.google.com\/dlpage\/gaoptout?hl=de . Hierdurch wird die Erfassung der durch das Cookie erzeugten und auf Ihre Nutzung der Website bezogenen Daten (inkl. Ihrer IP-Adresse) sowie die Verarbeitung dieser Daten durch Google verhindert.<\/p>\n<p>Alternativ zum Browser-Plugin k\u00f6nnen Sie diesen Link klicken, um die Erfassung durch Google Analytics auf dieser Website zuk\u00fcnftig zu verhindern. Dabei wird ein Opt-Out-Cookie auf Ihrem Endger\u00e4t abgelegt. L\u00f6schen Sie Ihre Cookies, werden Sie erneut um Erteilung Ihrer Einwilligung gebeten.<\/p>\n<ol start=\"6\">\n<li><strong>Social Media PlugIns<\/strong><\/li>\n<\/ol>\n<p><strong>Verwendung von Social Plugins von Facebook, Instagram<\/strong><br \/>\nAuf unserer Website werden sogenannte Social Plugins (\u201ePlugins\u201c) von sozialen Netzwerken verwendet.<br \/>\nWenn Sie eine Seite unseres Webauftritts aufrufen, die ein solches Plugin enth\u00e4lt, stellt Ihr Browser eine direkte Verbindung zu den Servern von Facebook, Google, Twitter oder Instagram her. Der Inhalt des Plugins wird vom jeweiligen Anbieter direkt an Ihren Browser \u00fcbermittelt und in die Seite eingebunden. Durch die Einbindung der Plugins erhalten die Anbieter die Information, dass Ihr Browser die entsprechende Seite unseres Webauftritts aufgerufen hat, auch wenn Sie kein Profil besitzen oder gerade nicht eingeloggt sind. Diese Information (einschlie\u00dflich Ihrer IP-Adresse) wird von Ihrem Browser direkt an einen Server des jeweiligen Anbieters (ggf. in die USA) \u00fcbermittelt und dort gespeichert. Sind Sie bei einem der Dienste eingeloggt, k\u00f6nnen die Anbieter den Besuch unserer Website Ihrem Profil in dem jeweiligen sozialen Netzwerk unmittelbar zuordnen. Wenn Sie mit den Plugins interagieren, zum Beispiel den \u201eLike\u201c- oder den \u201eShare\u201c-Button bet\u00e4tigen, wird die entsprechende Information ebenfalls direkt an einen Server der Anbieter \u00fcbermittelt und dort gespeichert. Die Informationen werden au\u00dferdem in dem sozialen Netzwerk ver\u00f6ffentlicht und dort Ihren Kontakten angezeigt. Dies dient der Wahrung unserer im Rahmen einer Interessensabw\u00e4gung \u00fcberwiegenden berechtigten Interessen an einer optimalen Vermarktung unseres Angebots gem\u00e4\u00df Art. 6 Abs. 1 S. 1 lit. f DSGVO.<br \/>\nZweck und Umfang der Datenerhebung und die weitere Verarbeitung und Nutzung der Daten durch die Anbieter sowie eine Kontaktm\u00f6glichkeit und Ihre diesbez\u00fcglichen Rechte und Einstellungsm\u00f6glichkeiten zum Schutz Ihrer Privatsph\u00e4re entnehmen Sie bitte den Datenschutzhinweisen der Anbieter.<br \/>\nhttp:\/\/www.facebook.com\/policy.php<br \/>\nhttps:\/\/help.instagram.com\/155833707900388<\/p>\n<p>Wenn Sie nicht m\u00f6chten, dass die sozialen Netzwerke die \u00fcber unseren Webauftritt gesammelten Daten unmittelbar Ihrem Profil in dem jeweiligen Dienst zuordnen, m\u00fcssen Sie sich vor Ihrem Besuch unserer Website bei dem entsprechenden Dienst ausloggen. Sie k\u00f6nnen das Laden der Plugins auch mit Add-Ons f\u00fcr Ihren Browser komplett verhindern, z. B. mit dem Skript-Blocker \u201eNoScript\u201c (http:\/\/noscript.net\/).<\/p>\n<p><strong>Youtube Video Plugins<\/strong><br \/>\nAuf dieser Webseite werden Inhalte dritter Anbieter eingebunden. Diese Inhalte werden von Google LLC zur Verf\u00fcgung gestellt (\u201eAnbieter\u201c).<br \/>\nYoutube wird betrieben von der Google LLC, 1600 Amphitheatre Parkway, Mountain View, CA 94043, USA (\u201eGoogle\u201c).<\/p>\n<p>Bei Videos von Youtube, die auf unserer Seite eingebunden sind, ist die erweiterte Datenschutzeinstellung aktiviert. Das bedeutet, dass keine Informationen von Webseitenbesuchern bei Youtube erhoben und gespeichert werden, es sei denn, diese spielen das Video ab. Die Einbindung der Videos dient der Wahrung unserer im Rahmen einer Interessensabw\u00e4gung \u00fcberwiegenden berechtigten Interessen an einer optimalen Vermarktung unseres Angebots gem\u00e4\u00df Art. 6 Abs. 1 S. 1 lit. f DSGVO.<br \/>\nZweck und Umfang der Datenerhebung und die weitere Verarbeitung und Nutzung der Daten durch die Anbieter sowie Ihre diesbez\u00fcglichen Rechte und Einstellungsm\u00f6glichkeiten zum Schutz Ihrer Privatsph\u00e4re entnehmen Sie bitte den Datenschutzhinweisen von Google http:\/\/www.google.com\/intl\/de\/+\/policy\/+1button.html.<\/p>\n<p><strong>Vimeo Video Plugins<\/strong><br \/>\nAuf dieser Webseite werden Inhalte dritter Anbieter eingebunden. Diese Inhalte werden von Vimeo LLC zur Verf\u00fcgung gestellt (\u201eAnbieter\u201c). Die Einbindung der Videso dient der Wahrung unserer im Rahmen einer Interessensabw\u00e4gung \u00fcberwiegenden berechtigten Interessen an einer optimalen Vermarktung unseres Angebots gem\u00e4\u00df Art. 6 Abs. 1 S. 1 lit. f DSGVO.<br \/>\nVimeo wird betrieben von Vimeo LLC, 555 West 18th Street, New York 10011, USA (\u201eVimeo\u201c).<br \/>\nBei Videos von Vimeo, die auf unserer Seite eingebunden sind, ist das Trackingtool Google Analytics automatisch integriert. Auf die Einstellungen des Trackings sowie die hier\u00fcber erhobenen Analyse-Ergebnisse haben wir keinen Einfluss und k\u00f6nnen diese auch nicht einsehen. Daneben werden \u00fcber die Einbettung von Vimeo-Videos bei den Webseitenbesuchern Web-Beacons gesetzt.<\/p>\n<p>Um das Setzen der Google Analytics Tracking Cookies zu verhindern, k\u00f6nnen Sie die Speicherung der Cookies durch eine entsprechende Einstellung Ihrer Browser-Software verhindern; wir weisen Sie jedoch darauf hin, dass Sie in diesem Fall gegebenenfalls nicht s\u00e4mtliche Funktionen dieser Website vollumf\u00e4nglich werden nutzen k\u00f6nnen.<br \/>\nSie k\u00f6nnen dar\u00fcber hinaus die Erfassung der durch das Cookie erzeugten und auf Ihre Nutzung der Website bezogenen Daten (inkl. Ihrer IP-Adresse) an Google sowie die Verarbeitung dieser Daten durch Google verhindern, indem sie das unter dem folgenden Link verf\u00fcgbare Browser-Plugin herunterladen und installieren: http:\/\/tools.google.com\/dlpage\/gaoptout?hl=de<br \/>\nAlternativ zum Browser-Plugin k\u00f6nnen Sie diesen Link klicken, um die Erfassung durch Google Analytics auf dieser Website zuk\u00fcnftig zu verhindern. Dabei wird ein Opt-Out-Cookie auf Ihrem Endger\u00e4t abgelegt. L\u00f6schen Sie Ihre Cookies, m\u00fcssen Sie den Link erneut klicken.<br \/>\nZweck und Umfang der Datenerhebung und die weitere Verarbeitung und Nutzung der Daten durch die Anbieter sowie Ihre diesbez\u00fcglichen Rechte und Einstellungsm\u00f6glichkeiten zum Schutz Ihrer Privatsph\u00e4re entnehmen Sie bitte den Datenschutzhinweisen von Vimeo<\/p>\n<ol start=\"7\">\n<li><strong>Kontaktm\u00f6glichkeiten und Ihre Rechte<\/strong><\/li>\n<\/ol>\n<p>Als Betroffener haben Sie folgende Rechte:<\/p>\n<ul>\n<li>gem\u00e4\u00df Art. 15 DSGVO das Recht, in dem dort bezeichneten Umfang Auskunft \u00fcber Ihre von uns verarbeiteten personenbezogenen Daten zu verlangen;<\/li>\n<li>gem\u00e4\u00df Art. 16 DSGVO das Recht, unverz\u00fcglich die Berichtigung unrichtiger oder Vervollst\u00e4ndigung Ihrer bei uns gespeicherten personenbezogenen Daten zu verlangen;<\/li>\n<li>gem\u00e4\u00df Art. 17 DSGVO das Recht, die L\u00f6schung Ihrer bei uns gespeicherten personenbezogenen Daten zu verlangen, soweit nicht die weitere Verarbeitung<br \/>\n&#8211; zur Aus\u00fcbung des Rechts auf freie Meinungs\u00e4u\u00dferung und Information;<br \/>\n&#8211; zur Erf\u00fcllung einer rechtlichen Verpflichtung;<br \/>\n&#8211; aus Gr\u00fcnden des \u00f6ffentlichen Interesses oder<br \/>\n&#8211; zur Geltendmachung, Aus\u00fcbung oder Verteidigung von Rechtsanspr\u00fcchen<br \/>\nerforderlich ist;<\/li>\n<li>gem\u00e4\u00df Art. 18 DSGVO das Recht, die Einschr\u00e4nkung der Verarbeitung Ihrer personenbezogenen Daten zu verlangen, soweit<br \/>\n&#8211; die Richtigkeit der Daten von Ihnen bestritten wird;<br \/>\n&#8211; die Verarbeitung unrechtm\u00e4\u00dfig ist, Sie aber deren L\u00f6schung ablehnen;<br \/>\n&#8211; wir die Daten nicht mehr ben\u00f6tigen, Sie diese jedoch zur Geltendmachung, Aus\u00fcbung oder Verteidigung von Rechtsanspr\u00fcchen ben\u00f6tigen oder<br \/>\n&#8211; Sie gem\u00e4\u00df Art. 21 DSGVO Widerspruch gegen die Verarbeitung eingelegt haben;<\/li>\n<li>gem\u00e4\u00df Art. 20 DSGVO das Recht, Ihre personenbezogenen Daten, die Sie uns bereitgestellt haben, in einem strukturierten, g\u00e4ngigen und maschinenlesebaren Format zu erhalten oder die \u00dcbermittlung an einen anderen Verantwortlichen zu verlangen;<\/li>\n<li>gem\u00e4\u00df Art. 77 DSGVO das Recht, sich bei einer Aufsichtsbeh\u00f6rde zu beschweren. In der Regel k\u00f6nnen Sie sich hierf\u00fcr an die Aufsichtsbeh\u00f6rde Ihres \u00fcblichen Aufenthaltsortes oder Arbeitsplatzes oder unseres Unternehmenssitzes wenden.<\/li>\n<\/ul>\n<p>Bei Fragen zur Erhebung, Verarbeitung oder Nutzung Ihrer personenbezogenen Daten, bei Ausk\u00fcnften, Berichtigung, Sperrung oder L\u00f6schung von Daten sowie Widerruf erteilter Einwilligungen oder Widerspruch gegen eine bestimmte Datenverwendung wenden Sie sich bitte direkt an uns \u00fcber die Kontaktdaten in unserem Impressum.<\/p>\n<p>********************************************************************<br \/>\n<strong>Widerspruchsrecht<\/strong><br \/>\nSoweit wir zur Wahrung unserer im Rahmen einer Interessensabw\u00e4gung \u00fcberwiegenden berechtigten Interessen personenbezogene Daten wie oben erl\u00e4utert verarbeiten, k\u00f6nnen Sie dieser Verarbeitung mit Wirkung f\u00fcr die Zukunft widersprechen. Erfolgt die Verarbeitung zu Zwecken des Direktmarketings, k\u00f6nnen Sie dieses Recht jederzeit wie oben beschrieben aus\u00fcben. Soweit die Verarbeitung zu anderen Zwecken erfolgt, steht Ihnen ein Widerspruchsrecht nur bei Vorliegen von Gr\u00fcnden, die sich aus Ihrer besonderen Situation ergeben, zu.<\/p>\n<p>Nach Aus\u00fcbung Ihres Widerspruchsrechts werden wir Ihre personenbezogenen Daten nicht weiter zu diesen Zwecken verarbeiten, es sei denn, wir k\u00f6nnen zwingende schutzw\u00fcrdige Gr\u00fcnde f\u00fcr die Verarbeitung nachweisen, die Ihre Interessen, Rechte und Freiheiten \u00fcberwiegen, oder wenn die Verarbeitung der Geltendmachung, Aus\u00fcbung oder Verteidigung von Rechtsanspr\u00fcchen dient.<\/p>\n<p>Dies gilt nicht, wenn die Verarbeitung zu Zwecken des Direktmarketings erfolgt. Dann werden wir Ihre personenbezogenen Daten nicht weiter zu diesem Zweck verarbeiten.\u00a0********************************************************************<\/p>\n<\/div><\/section><\/div>\n","protected":false},"excerpt":{"rendered":"","protected":false},"author":1,"featured_media":0,"parent":0,"menu_order":0,"comment_status":"closed","ping_status":"closed","template":"","meta":{"footnotes":""},"class_list":["post-231","page","type-page","status-publish","hentry"],"_links":{"self":[{"href":"https:\/\/xn--liebeserklrung-fib.eu\/index.php?rest_route=\/wp\/v2\/pages\/231","targetHints":{"allow":["GET"]}}],"collection":[{"href":"https:\/\/xn--liebeserklrung-fib.eu\/index.php?rest_route=\/wp\/v2\/pages"}],"about":[{"href":"https:\/\/xn--liebeserklrung-fib.eu\/index.php?rest_route=\/wp\/v2\/types\/page"}],"author":[{"embeddable":true,"href":"https:\/\/xn--liebeserklrung-fib.eu\/index.php?rest_route=\/wp\/v2\/users\/1"}],"replies":[{"embeddable":true,"href":"https:\/\/xn--liebeserklrung-fib.eu\/index.php?rest_route=%2Fwp%2Fv2%2Fcomments&post=231"}],"version-history":[{"count":4,"href":"https:\/\/xn--liebeserklrung-fib.eu\/index.php?rest_route=\/wp\/v2\/pages\/231\/revisions"}],"predecessor-version":[{"id":268,"href":"https:\/\/xn--liebeserklrung-fib.eu\/index.php?rest_route=\/wp\/v2\/pages\/231\/revisions\/268"}],"wp:attachment":[{"href":"https:\/\/xn--liebeserklrung-fib.eu\/index.php?rest_route=%2Fwp%2Fv2%2Fmedia&parent=231"}],"curies":[{"name":"wp","href":"https:\/\/api.w.org\/{rel}","templated":true}]}}